{"id":645,"date":"2025-08-21T11:28:21","date_gmt":"2025-08-21T11:28:21","guid":{"rendered":"https:\/\/labotiguetadelpa.com\/?page_id=645"},"modified":"2025-08-21T11:33:21","modified_gmt":"2025-08-21T11:33:21","slug":"aviso-legal","status":"publish","type":"page","link":"https:\/\/labotiguetadelpa.com\/ca\/aviso-legal\/","title":{"rendered":"Av\u00eds Legal"},"content":{"rendered":"<hr class=\"wp-block-separator has-alpha-channel-opacity\"\/>\n\n\n\n<h1 class=\"wp-block-heading\">\ud83d\udcc4 1. Av\u00eds Legal<\/h1>\n\n\n\n<p><strong>1. Dades identificatives<\/strong><br>En compliment amb el deure informaci\u00f3 recollit a l&#039;article 10 de la Llei 34\/2002, d&#039;11 de juliol, de Serveis de la Societat de la Informaci\u00f3 i del Comer\u00e7 Electr\u00f2nic (d&#039;ara endavant, LSSI-CE), es fa constar que la present p\u00e0gina web \u00e9s titularitat de:<\/p>\n\n\n\n<ul class=\"wp-block-list\">\n<li><strong>Ra\u00f3 social:<\/strong> La Botigueta del Pa SL<\/li>\n\n\n\n<li><strong>CIF:<\/strong> B75846360<\/li>\n\n\n\n<li><strong>Domicili social:<\/strong> C\/ Doctor Mara\u00f1\u00f3n, 12, 08380 Malgrat de Mar (Barcelona), Espanya.<\/li>\n\n\n\n<li><strong>Tel\u00e8fons de contacte:<\/strong> +34 937 611 274 \/ +34 672 199 081<\/li>\n\n\n\n<li class=\"has-link-color wp-elements-3538d2f9ca15c4b85966e3f107c08fb1\"><strong>Correu electr\u00f2nic:<\/strong> <a href=\"mailto:labotiguetadelpa@gmail.com\">labotiguetadelpa@gmail.com<\/a><\/li>\n\n\n\n<li><strong>Nom del domini:<\/strong> www.labotiguetadelpa.com<\/li>\n<\/ul>\n\n\n\n<p><strong>Responsable t\u00e8cnic i de m\u00e0rqueting digital de la web:<\/strong><\/p>\n\n\n\n<ul class=\"wp-block-list\">\n<li><strong>Nom:<\/strong> Manolo Carrazo<\/li>\n\n\n\n<li><strong>DNI:<\/strong> 45855612Y<\/li>\n\n\n\n<li class=\"has-link-color wp-elements-33e960732512a0879db752925c0ca367\"><strong>Correu electr\u00f2nic:<\/strong> <a href=\"mailto:publi.carrazo@gmail.com\">publi.carrazo@gmail.com<\/a><\/li>\n\n\n\n<li><strong>Tel\u00e8fon:<\/strong> +34 614 33 93 77<\/li>\n<\/ul>\n\n\n\n<p><strong>2. Objecte de l&#039;Av\u00eds Legal<\/strong><br>Aquest Av\u00eds Legal regula l&#039;acc\u00e9s, la navegaci\u00f3 i l&#039;\u00fas del lloc web de La Botigueta del Pa SL, sense perjudici que el titular es reservi el dret a modificar la presentaci\u00f3, configuraci\u00f3 i contingut d&#039;aquest, aix\u00ed com les condicions d&#039;acc\u00e9s i\/o \u00fas.<\/p>\n\n\n\n<p><strong>3. Condicions d&#039;\u00fas<\/strong><br>L&#039;acc\u00e9s a aquest lloc web \u00e9s gratu\u00eft, llevat del cost de connexi\u00f3 a trav\u00e9s de la xarxa de telecomunicacions subministrada pel prove\u00efdor d&#039;acc\u00e9s contractat pels usuaris.<br>L&#039;usuari es compromet a utilitzar el portal de conformitat amb la llei, la moral, els bons costums generalment acceptats i l&#039;ordre p\u00fablic.<\/p>\n\n\n\n<p>Queda prohibit:<\/p>\n\n\n\n<ul class=\"wp-block-list\">\n<li>Utilitzar els continguts amb fins o efectes il\u00b7l\u00edcits, prohibits o contraris al present Av\u00eds Legal.<\/li>\n\n\n\n<li>Introduir o difondre a la xarxa virus inform\u00e0tics o qualssevol altres sistemes f\u00edsics o l\u00f2gics que siguin susceptibles de provocar danys als sistemes inform\u00e0tics del titular o de tercers.<\/li>\n<\/ul>\n\n\n\n<p><strong>4. Propietat intel\u00b7lectual i industrial<\/strong><br>Tots els continguts del lloc web (textos, fotografies, gr\u00e0fics, imatges, icones, tecnologia, programari, disseny gr\u00e0fic, codi font, etc.) s\u00f3n propietat exclusiva de La Botigueta del Pa SL o de tercers que n&#039;han autoritzat l&#039;\u00fas, sense que es puguin entendre cedits a l&#039;usuari cap dels drets d&#039;explotaci\u00f3 reconeguts per la normativa vigent.<\/p>\n\n\n\n<p>L&#039;usuari es compromet a respectar els drets de propietat intel\u00b7lectual i industrial titularitat de La Botigueta del Pa SL La utilitzaci\u00f3 no autoritzada de la informaci\u00f3 continguda en aquest lloc web, aix\u00ed com la lesi\u00f3 dels drets de propietat intel\u00b7lectual o industrial donar\u00e0 lloc a les responsabilitats legalment establertes.<\/p>\n\n\n\n<p><strong>5. Exclusi\u00f3 de responsabilitat<\/strong><br>La Botigueta del Pa SL no es responsabilitza dels danys i perjudicis de qualsevol naturalesa que puguin deure&#039;s a:<\/p>\n\n\n\n<ul class=\"wp-block-list\">\n<li>La manca de disponibilitat i continu\u00eftat t\u00e8cnica del lloc web.<\/li>\n\n\n\n<li>L&#039;exist\u00e8ncia de virus o altres elements nocius als continguts.<\/li>\n\n\n\n<li>La inexactitud, manca dactualitat o errors de la informaci\u00f3 proporcionada.<\/li>\n<\/ul>\n\n\n\n<p><strong>6. Enlla\u00e7os externs<\/strong><br>El lloc web pot contenir enlla\u00e7os cap a llocs web de tercers, la titularitat i control dels quals corresponen a aquests tercers. La Botigueta del Pa SL no assumeix cap responsabilitat pel contingut, informaci\u00f3 o serveis que poguessin apar\u00e8ixer en aquests llocs.<\/p>\n\n\n\n<p><strong>7. Legislaci\u00f3 i jurisdicci\u00f3 aplicable<\/strong><br>La relaci\u00f3 entre La Botigueta del Pa SL i l&#039;usuari es regir\u00e0 per la normativa espanyola vigent. Per a la resoluci\u00f3 de totes les controv\u00e8rsies o q\u00fcestions relacionades amb aquest lloc web seran competents els Jutjats i Tribunals de la ciutat de Barcelona, amb ren\u00fancia expressa a qualsevol altre fur.<\/p>\n\n\n\n<hr class=\"wp-block-separator has-alpha-channel-opacity\"\/>","protected":false},"excerpt":{"rendered":"<p>\ud83d\udcc4 1. Aviso Legal 1. Datos identificativosEn cumplimiento con el deber de informaci\u00f3n recogido en el art\u00edculo 10 de la Ley 34\/2002, de 11 de julio, de Servicios de la&#8230;<\/p>","protected":false},"author":1,"featured_media":0,"parent":0,"menu_order":0,"comment_status":"closed","ping_status":"closed","template":"","meta":{"_kad_post_transparent":"","_kad_post_title":"","_kad_post_layout":"","_kad_post_sidebar_id":"","_kad_post_content_style":"","_kad_post_vertical_padding":"","_kad_post_feature":"","_kad_post_feature_position":"","_kad_post_header":false,"_kad_post_footer":false,"_kad_post_classname":"","footnotes":""},"class_list":["post-645","page","type-page","status-publish","hentry"],"jetpack_sharing_enabled":true,"_links":{"self":[{"href":"https:\/\/labotiguetadelpa.com\/ca\/wp-json\/wp\/v2\/pages\/645","targetHints":{"allow":["GET"]}}],"collection":[{"href":"https:\/\/labotiguetadelpa.com\/ca\/wp-json\/wp\/v2\/pages"}],"about":[{"href":"https:\/\/labotiguetadelpa.com\/ca\/wp-json\/wp\/v2\/types\/page"}],"author":[{"embeddable":true,"href":"https:\/\/labotiguetadelpa.com\/ca\/wp-json\/wp\/v2\/users\/1"}],"replies":[{"embeddable":true,"href":"https:\/\/labotiguetadelpa.com\/ca\/wp-json\/wp\/v2\/comments?post=645"}],"version-history":[{"count":1,"href":"https:\/\/labotiguetadelpa.com\/ca\/wp-json\/wp\/v2\/pages\/645\/revisions"}],"predecessor-version":[{"id":646,"href":"https:\/\/labotiguetadelpa.com\/ca\/wp-json\/wp\/v2\/pages\/645\/revisions\/646"}],"wp:attachment":[{"href":"https:\/\/labotiguetadelpa.com\/ca\/wp-json\/wp\/v2\/media?parent=645"}],"curies":[{"name":"wp","href":"https:\/\/api.w.org\/{rel}","templated":true}]}}