{"id":650,"date":"2025-08-21T11:36:19","date_gmt":"2025-08-21T11:36:19","guid":{"rendered":"https:\/\/labotiguetadelpa.com\/?page_id=650"},"modified":"2025-08-21T11:36:20","modified_gmt":"2025-08-21T11:36:20","slug":"politica-de-cookies","status":"publish","type":"page","link":"https:\/\/labotiguetadelpa.com\/ca\/politica-de-cookies\/","title":{"rendered":"Pol\u00edtica de Cookies"},"content":{"rendered":"<hr class=\"wp-block-separator has-alpha-channel-opacity\"\/>\n\n\n\n<h1 class=\"wp-block-heading\">\ud83d\udcc4 3. Pol\u00edtica de Cookies<\/h1>\n\n\n\n<p><strong>1. Definici\u00f3 i funci\u00f3 de les cookies<\/strong><br>En compliment del que disposa l&#039;article 22.2 de la Llei 34\/2002, d&#039;11 de juliol, de Serveis de la Societat de la Informaci\u00f3 i de Comer\u00e7 Electr\u00f2nic (LSSI-CE), s&#039;informa els usuaris que aquest lloc web utilitza dispositius d&#039;emmagatzematge i recuperaci\u00f3 de dades anomenades <em>cookies<\/em>.<\/p>\n\n\n\n<p>Una <em>galeta<\/em> \u00e9s un fitxer que es descarrega a l&#039;ordinador, el tel\u00e8fon intel\u00b7ligent o la tauleta de l&#039;usuari en accedir a determinades p\u00e0gines web i que permet, entre altres coses, emmagatzemar i recuperar informaci\u00f3 sobre els h\u00e0bits de navegaci\u00f3 d&#039;un usuari o del seu equip.<\/p>\n\n\n\n<p><strong>2. Tipus de cookies utilitzades en aquest lloc web<\/strong><br>Aquest lloc web utilitza les cookies seg\u00fcents:<\/p>\n\n\n\n<ul class=\"wp-block-list\">\n<li><strong>Galetes t\u00e8cniques o necess\u00e0ries:<\/strong><br>Permeten a l&#039;usuari la navegaci\u00f3 a trav\u00e9s del lloc web i la utilitzaci\u00f3 de les diferents opcions o serveis, com ara identificar la sessi\u00f3, accedir a parts d&#039;acc\u00e9s restringit o recordar els elements que integren una comanda.<br>\ud83d\udc49 Exemple: galetes pr\u00f2pies de WordPress i del plugin de gesti\u00f3 de galetes.<\/li>\n\n\n\n<li><strong>Cookies de personalitzaci\u00f3:<\/strong><br>Permeten a l&#039;usuari accedir al servei amb algunes caracter\u00edstiques de car\u00e0cter general predefinides en funci\u00f3 de criteris al terminal de l&#039;usuari (exemple: idioma o tipus de navegador).<\/li>\n\n\n\n<li><strong>Galetes d&#039;an\u00e0lisi:<\/strong><br>Permeten el seguiment i l&#039;an\u00e0lisi del comportament dels usuaris al lloc web, amb la finalitat d&#039;introduir millores.<br>\ud83d\udc49 Exemple: Google Analytics.<\/li>\n\n\n\n<li><strong>Galetes de xarxes socials externes:<\/strong><br>Es fan servir perqu\u00e8 l&#039;usuari pugui interactuar amb el contingut de diferents plataformes socials (Facebook, Instagram, WhatsApp) i que es generin \u00fanicament per als usuaris de les xarxes socials esmentades.<\/li>\n<\/ul>\n\n\n\n<p><strong>3. Identificaci\u00f3 de les cookies utilitzades<\/strong><br>D&#039;acord amb els criteris de l&#039;Ag\u00e8ncia Espanyola de Protecci\u00f3 de Dades (AEPD), s&#039;indiquen les galetes concretes que es poden instal\u00b7lar en aquest lloc:<\/p>\n\n\n\n<ul class=\"wp-block-list\">\n<li><strong>_ga, _gid, _gat (Google Analytics):<\/strong> galetes d&#039;an\u00e0lisi que recopilen informaci\u00f3 an\u00f2nima sobre la navegaci\u00f3 dels usuaris.<\/li>\n\n\n\n<li><strong>cookielawinfo-checkbox (WordPress Cookie Plugin):<\/strong> recorda l&#039;acceptaci\u00f3 de la pol\u00edtica de galetes.<\/li>\n\n\n\n<li><strong>wp-settings, wp-settings-time (WordPress):<\/strong> cookies t\u00e8cniques per al correcte funcionament de la web.<\/li>\n\n\n\n<li><strong>fr, sb, datr (Facebook):<\/strong> galetes de xarxes socials i publicitat.<\/li>\n<\/ul>\n\n\n\n<p><em>(La vig\u00e8ncia de cada galeta dependr\u00e0 de la configuraci\u00f3 del prove\u00efdor, podent oscil\u00b7lar entre la sessi\u00f3 de navegaci\u00f3 i diversos anys).<\/em><\/p>\n\n\n\n<p><strong>4. Base jur\u00eddica per a l&#039;\u00fas de cookies<\/strong><br>La base jur\u00eddica que legitima el tractament de dades personals a trav\u00e9s de galetes \u00e9s el consentiment informat de l&#039;usuari, sol\u00b7licitat en el moment d&#039;accedir al lloc web mitjan\u00e7ant el banner o av\u00eds inicial.<\/p>\n\n\n\n<p><strong>5. Desactivaci\u00f3, rebuig i eliminaci\u00f3 de cookies<\/strong><br>L&#039;usuari pot en qualsevol moment desactivar o eliminar les cookies instal\u00b7lades al vostre equip mitjan\u00e7ant la configuraci\u00f3 de les opcions del navegador:<\/p>\n\n\n\n<ul class=\"wp-block-list\">\n<li><strong>Google Chrome:<\/strong> Configuraci\u00f3 \u2192 Privadesa i seguretat \u2192 Cookies i altres dades de llocs.<\/li>\n\n\n\n<li><strong>Mozilla Firefox:<\/strong> Opcions \u2192 Privadesa i seguretat \u2192 Cookies i dades del lloc.<\/li>\n\n\n\n<li><strong>Safari:<\/strong> Prefer\u00e8ncies \u2192 Privadesa.<\/li>\n\n\n\n<li><strong>Microsoft Edge:<\/strong> Configuraci\u00f3 \u2192 Galetes i permisos del lloc.<\/li>\n<\/ul>\n\n\n\n<p>El bloqueig o desactivaci\u00f3 d&#039;algunes galetes pot afectar el funcionament correcte de determinades funcionalitats del lloc web.<\/p>\n\n\n\n<p><strong>6. Transfer\u00e8ncies internacionals de dades<\/strong><br>Algunes de les galetes utilitzades pertanyen a prove\u00efdors ubicats als Estats Units (exemple: Google, Meta). Aquestes transfer\u00e8ncies internacionals es fan sota cl\u00e0usules contractuals tipus aprovades per la Comissi\u00f3 Europea i garanteixen un nivell adequat de protecci\u00f3 de les dades personals.<\/p>\n\n\n\n<p><strong>7. Acceptaci\u00f3 i gesti\u00f3 de cookies<\/strong><br>Al banner inicial, l&#039;usuari pot acceptar totes les galetes, configurar-les o rebutjar-les excepte les estrictament necess\u00e0ries. En qualsevol moment, podeu modificar el vostre consentiment des de l&#039;opci\u00f3 \u201cConfigurar cookies\u201d disponible al peu de p\u00e0gina.<\/p>\n\n\n\n<p><strong>8. Actualitzaci\u00f3 de la pol\u00edtica de cookies<\/strong><br>La Botigueta del Pa SL podr\u00e0 modificar aquesta Pol\u00edtica de Cookies en funci\u00f3 de noves exig\u00e8ncies legislatives, reglament\u00e0ries, o amb la finalitat d&#039;adaptar aquesta pol\u00edtica a les instruccions dictades per l&#039;Ag\u00e8ncia Espanyola de Protecci\u00f3 de Dades.<\/p>\n\n\n\n<hr class=\"wp-block-separator has-alpha-channel-opacity\"\/>","protected":false},"excerpt":{"rendered":"<p>\ud83d\udcc4 3. Pol\u00edtica de Cookies 1. Definici\u00f3 i funci\u00f3 de les cookies En compliment del que disposa l&#039;article 22.2 de la Llei 34\/2002, d&#039;11 de juliol, de serveis\u2026<\/p>","protected":false},"author":1,"featured_media":0,"parent":0,"menu_order":0,"comment_status":"closed","ping_status":"closed","template":"","meta":{"_kad_post_transparent":"","_kad_post_title":"","_kad_post_layout":"","_kad_post_sidebar_id":"","_kad_post_content_style":"","_kad_post_vertical_padding":"","_kad_post_feature":"","_kad_post_feature_position":"","_kad_post_header":false,"_kad_post_footer":false,"_kad_post_classname":"","footnotes":""},"class_list":["post-650","page","type-page","status-publish","hentry"],"jetpack_sharing_enabled":true,"_links":{"self":[{"href":"https:\/\/labotiguetadelpa.com\/ca\/wp-json\/wp\/v2\/pages\/650","targetHints":{"allow":["GET"]}}],"collection":[{"href":"https:\/\/labotiguetadelpa.com\/ca\/wp-json\/wp\/v2\/pages"}],"about":[{"href":"https:\/\/labotiguetadelpa.com\/ca\/wp-json\/wp\/v2\/types\/page"}],"author":[{"embeddable":true,"href":"https:\/\/labotiguetadelpa.com\/ca\/wp-json\/wp\/v2\/users\/1"}],"replies":[{"embeddable":true,"href":"https:\/\/labotiguetadelpa.com\/ca\/wp-json\/wp\/v2\/comments?post=650"}],"version-history":[{"count":1,"href":"https:\/\/labotiguetadelpa.com\/ca\/wp-json\/wp\/v2\/pages\/650\/revisions"}],"predecessor-version":[{"id":651,"href":"https:\/\/labotiguetadelpa.com\/ca\/wp-json\/wp\/v2\/pages\/650\/revisions\/651"}],"wp:attachment":[{"href":"https:\/\/labotiguetadelpa.com\/ca\/wp-json\/wp\/v2\/media?parent=650"}],"curies":[{"name":"wp","href":"https:\/\/api.w.org\/{rel}","templated":true}]}}