{"id":652,"date":"2025-08-21T11:39:56","date_gmt":"2025-08-21T11:39:56","guid":{"rendered":"https:\/\/labotiguetadelpa.com\/?page_id=652"},"modified":"2025-08-21T11:39:58","modified_gmt":"2025-08-21T11:39:58","slug":"condiciones-de-uso","status":"publish","type":"page","link":"https:\/\/labotiguetadelpa.com\/ca\/condiciones-de-uso\/","title":{"rendered":"Condicions d&#039;\u00fas"},"content":{"rendered":"<hr class=\"wp-block-separator has-alpha-channel-opacity\"\/>\n\n\n\n<h1 class=\"wp-block-heading\">\ud83d\udcc4 4. Condicions d&#039;\u00fas<\/h1>\n\n\n\n<p><strong>1. Objecte i acceptaci\u00f3<\/strong><br>Aquestes Condicions d&#039;\u00das regulen l&#039;acc\u00e9s, la navegaci\u00f3 i la utilitzaci\u00f3 del lloc web <strong>www.labotiguetadelpa.com<\/strong> (d&#039;ara endavant, \u201cel Lloc Web\u201d), titularitat de <strong>La Botigueta del Pa SL<\/strong>.<br>L&#039;acc\u00e9s i\/o \u00fas del Lloc Web atribueix la condici\u00f3 d&#039;usuari i implica l&#039;acceptaci\u00f3 plena i sense reserves de totes les disposicions incloses a les presents Condicions d&#039;\u00das.<\/p>\n\n\n\n<p><strong>2. Identificaci\u00f3 del titular del lloc web<\/strong><br>En compliment amb la Llei 34\/2002 de Serveis de la Societat de la Informaci\u00f3 i de Comer\u00e7 Electr\u00f2nic (LSSI-CE), s&#039;informa que el titular d&#039;aquest lloc web \u00e9s:<\/p>\n\n\n\n<ul class=\"wp-block-list\">\n<li><strong>Ra\u00f3 social:<\/strong> La Botigueta del Pa SL<\/li>\n\n\n\n<li><strong>CIF:<\/strong> B75846360<\/li>\n\n\n\n<li><strong>Domicili social:<\/strong> C\/ Doctor Mara\u00f1\u00f3n, 12, 08380 Malgrat de Mar (Barcelona)<\/li>\n\n\n\n<li><strong>Tel\u00e8fon:<\/strong> +34 937 611 274<\/li>\n\n\n\n<li class=\"has-link-color wp-elements-3538d2f9ca15c4b85966e3f107c08fb1\"><strong>Correu electr\u00f2nic:<\/strong> <a href=\"mailto:labotiguetadelpa@gmail.com\">labotiguetadelpa@gmail.com<\/a><\/li>\n<\/ul>\n\n\n\n<p><strong>3. Condicions d&#039;acc\u00e9s i \u00fas<\/strong><br>L&#039;usuari es compromet a utilitzar el Lloc Web, els seus serveis i continguts sense contravenir la legislaci\u00f3 vigent, la bona fe, els usos generalment acceptats i l&#039;ordre p\u00fablic.<br>Queda prohibit:<\/p>\n\n\n\n<ul class=\"wp-block-list\">\n<li>Utilitzar el lloc web amb finalitats il\u00b7l\u00edcites o lesives.<\/li>\n\n\n\n<li>Introduir virus inform\u00e0tics, codi malici\u00f3s (malware), programari espia o qualsevol programa que pugui danyar, inutilitzar o alterar el funcionament de la web o de tercers.<\/li>\n\n\n\n<li>Accedir sense autoritzaci\u00f3 a seccions restringides del Lloc Web.<\/li>\n\n\n\n<li>Utilitzar la web per remetre publicitat no sol\u00b7licitada (<em>spam<\/em>).<\/li>\n<\/ul>\n\n\n\n<p><strong>4. Responsabilitat de l&#039;usuari<\/strong><br>L&#039;usuari ser\u00e0 responsable de l&#039;\u00fas indegut del Lloc Web i respondr\u00e0 dels danys i perjudicis que pogu\u00e9s ocasionar a Botigueta del Pa SL oa tercers.<\/p>\n\n\n\n<p><strong>5. Limitaci\u00f3 de responsabilitat del titular<\/strong><br>La Botigueta del Pa SL no es fa responsable de:<\/p>\n\n\n\n<ul class=\"wp-block-list\">\n<li>Les fallades en l&#039;acc\u00e9s al Lloc Web deguts a causes fortu\u00eftes, de for\u00e7a major o per manteniment t\u00e8cnic.<\/li>\n\n\n\n<li>Els continguts als quals l&#039;usuari pugui accedir a trav\u00e9s d&#039;enlla\u00e7os externs inclosos a la web.<\/li>\n\n\n\n<li>Els danys o perjudicis que es puguin derivar de l&#039;\u00fas indegut del Lloc Web per part dels usuaris.<\/li>\n<\/ul>\n\n\n\n<p><strong>6. Propietat intel\u00b7lectual i industrial<\/strong><br>Tots els continguts del Lloc Web (textos, fotografies, imatges, logotips, marques, codi font, disseny gr\u00e0fic, etc.) s\u00f3n titularitat de La Botigueta del Pa SL o de tercers que n&#039;han autoritzat l&#039;\u00fas.<br>Queda prohibida la reproducci\u00f3, distribuci\u00f3, comunicaci\u00f3 p\u00fablica, transformaci\u00f3 o qualsevol altra forma dexplotaci\u00f3 sense autoritzaci\u00f3 expressa i per escrit del titular.<\/p>\n\n\n\n<p><strong>7. Enlla\u00e7os externs<\/strong><br>Aquest Lloc Web pot contenir enlla\u00e7os cap a altres llocs web gestionats per tercers, sobre els quals La Botigueta del Pa SL no exerceix cap control. Per tant, no es responsabilitza del contingut, la informaci\u00f3 o els serveis que puguin apar\u00e8ixer en aquests llocs externs.<\/p>\n\n\n\n<p><strong>8. Pol\u00edtica de comentaris i participaci\u00f3<\/strong><br>En cas que el Lloc Web permeti la participaci\u00f3 d&#039;usuaris (comentaris al bloc, formularis o altres), queda prohibit publicar continguts il\u00b7l\u00edcits, ofensius, difamatoris, injuriosos, violents o que vulnerin drets de tercers.<br>La Botigueta del Pa SL es reserva el dret de retirar aquells comentaris que consideri inadequats.<\/p>\n\n\n\n<p><strong>9. Protecci\u00f3 de dades personals<\/strong><br>El tractament de les dades personals dels usuaris es regir\u00e0 pel que estableix la <strong>Pol\u00edtica de Privadesa<\/strong>, la qual forma part integrant de les presents Condicions d&#039;\u00das.<\/p>\n\n\n\n<p><strong>10. Pol\u00edtica de cookies<\/strong><br>La utilitzaci\u00f3 de cookies per part del Lloc Web es regula pel que disposa la <strong>Pol\u00edtica de Cookies<\/strong>, igualment vinculant per a l&#039;usuari.<\/p>\n\n\n\n<p><strong>11. Legislaci\u00f3 aplicable i jurisdicci\u00f3<\/strong><br>Aquestes Condicions es regeixen per la legislaci\u00f3 espanyola. Per a la resoluci\u00f3 de qualsevol conflicte derivat de l&#039;acc\u00e9s o l&#039;\u00fas del Lloc Web, les parts se sotmeten expressament als Jutjats i Tribunals de Barcelona, llevat de disposici\u00f3 legal en contra.<\/p>\n\n\n\n<hr class=\"wp-block-separator has-alpha-channel-opacity\"\/>","protected":false},"excerpt":{"rendered":"<p>\ud83d\udcc4 4. Condicions d&#039;\u00das 1. Objecte i acceptaci\u00f3Les presents Condicions d&#039;\u00das regulen l&#039;acc\u00e9s, la navegaci\u00f3 i la utilitzaci\u00f3 del lloc web www.labotiguetadelpa.com (d&#039;ara endavant, \u201cel Lloc Web\u201d), titularitat de\u2026<\/p>","protected":false},"author":1,"featured_media":0,"parent":0,"menu_order":0,"comment_status":"closed","ping_status":"closed","template":"","meta":{"_kad_post_transparent":"","_kad_post_title":"","_kad_post_layout":"","_kad_post_sidebar_id":"","_kad_post_content_style":"","_kad_post_vertical_padding":"","_kad_post_feature":"","_kad_post_feature_position":"","_kad_post_header":false,"_kad_post_footer":false,"_kad_post_classname":"","footnotes":""},"class_list":["post-652","page","type-page","status-publish","hentry"],"jetpack_sharing_enabled":true,"_links":{"self":[{"href":"https:\/\/labotiguetadelpa.com\/ca\/wp-json\/wp\/v2\/pages\/652","targetHints":{"allow":["GET"]}}],"collection":[{"href":"https:\/\/labotiguetadelpa.com\/ca\/wp-json\/wp\/v2\/pages"}],"about":[{"href":"https:\/\/labotiguetadelpa.com\/ca\/wp-json\/wp\/v2\/types\/page"}],"author":[{"embeddable":true,"href":"https:\/\/labotiguetadelpa.com\/ca\/wp-json\/wp\/v2\/users\/1"}],"replies":[{"embeddable":true,"href":"https:\/\/labotiguetadelpa.com\/ca\/wp-json\/wp\/v2\/comments?post=652"}],"version-history":[{"count":1,"href":"https:\/\/labotiguetadelpa.com\/ca\/wp-json\/wp\/v2\/pages\/652\/revisions"}],"predecessor-version":[{"id":653,"href":"https:\/\/labotiguetadelpa.com\/ca\/wp-json\/wp\/v2\/pages\/652\/revisions\/653"}],"wp:attachment":[{"href":"https:\/\/labotiguetadelpa.com\/ca\/wp-json\/wp\/v2\/media?parent=652"}],"curies":[{"name":"wp","href":"https:\/\/api.w.org\/{rel}","templated":true}]}}