{"id":115,"date":"2025-08-04T16:35:32","date_gmt":"2025-08-04T16:35:32","guid":{"rendered":"https:\/\/labotiguetadelpa.com\/?page_id=115"},"modified":"2025-08-26T12:32:02","modified_gmt":"2025-08-26T12:32:02","slug":"opiniones-de-nuestros-clientes","status":"publish","type":"page","link":"https:\/\/labotiguetadelpa.com\/es\/opiniones-de-nuestros-clientes\/","title":{"rendered":"Opiniones de Nuestros Clientes"},"content":{"rendered":"\n<div class=\"wp-block-group\" style=\"padding-right:var(--wp--preset--spacing--40);padding-left:0\"><div class=\"wp-block-group__inner-container is-layout-constrained wp-container-core-group-is-layout-be7051a1 wp-block-group-is-layout-constrained\">\n<div class=\"wp-block-columns is-layout-flex wp-container-core-columns-is-layout-da476ddf wp-block-columns-is-layout-flex\" style=\"padding-right:var(--wp--preset--spacing--60);padding-left:var(--wp--preset--spacing--60)\">\n<div class=\"wp-block-column is-layout-flow wp-block-column-is-layout-flow\" style=\"flex-basis:100%\"><div id=\"google-business-reviews-rating\" class=\"google-business-reviews-rating gmbrr grid carousel\" data-view=\"2\">\r\n\t<p class=\"rating\"><span class=\"number\">4,7<\/span> <span class=\"all-stars animate\"><span class=\"star\"><\/span><span class=\"star\"><\/span><span class=\"star\"><\/span><span class=\"star\"><\/span><span class=\"star split-70-30\"><\/span><\/span> <\/p>\r\n<ul class=\"listing\">\r\n\t\t<li class=\"rating-5 visible\" data-index=\"0\">\r\n\t\t\t<span class=\"author-avatar\"><a href=\"https:\/\/www.google.com\/maps\/contrib\/109559560425250415037\/reviews\" target=\"_blank\" rel=\"nofollow noopener\"><img decoding=\"async\" src=\"https:\/\/lh3.googleusercontent.com\/a-\/ALV-UjV8IRHRGPVJ64ynlzAsDeoKZQ22mBari2kS_3vipxL2v4uQCYeMig=s128-c0x00000000-cc-rp-mo-ba4\" alt=\"Avatar\"><\/a><\/span>\r\n\t\t\t<span class=\"review-meta\">\r\n\t\t\t\t<span class=\"author-name\"><a href=\"https:\/\/www.google.com\/maps\/contrib\/109559560425250415037\/reviews\" target=\"_blank\" rel=\"nofollow noopener\">Amanda Gonz\u00e1lez Bote<\/a><\/span>\r\n\t\t\t\t<span class=\"rating\">\u2605\u2605\u2605\u2605\u2605<\/span>\r\n\t\t\t\t<span class=\"relative-time-description\">Hace 5 meses<\/span>\r\n\t\t\t<\/span>\r\n\t\t\t<div class=\"text text-excerpt\"><span class=\"review-snippet\">Patisseria, panaderia bocateria! Excelente relacion calidad - precio!<br>\n\t\t\t\tPastas deliciosas!<br>\n\t\t\t\t2n mejor croisant de mantequilla de Espa\u00f1a! Espectacular!<br>\n\t\t\t\tLos fines de semana tienen crusanes rellenos de tarda<\/span> <span class=\"review-more-placeholder\">\u2026 More<\/span><span class=\"review-full-text\"> de queso,lotus, pistacho, chocolate blanco \ud83d\ude0d\u2026. Y unos rollitos de masa de crusan muy ricos<\/span><\/div>\r\n\t\t<\/li>\r\n\t\t<li class=\"rating-5 visible\" data-index=\"1\">\r\n\t\t\t<span class=\"author-avatar\"><a href=\"https:\/\/www.google.com\/maps\/contrib\/105606815534385569678\/reviews\" target=\"_blank\" rel=\"nofollow noopener\"><img decoding=\"async\" src=\"https:\/\/lh3.googleusercontent.com\/a-\/ALV-UjV5hQ9p4oJytrzIQUGNqNg9TXPmOQHwpNXsoS4p0-Uwl_bsWg=s128-c0x00000000-cc-rp-mo-ba5\" alt=\"Avatar\"><\/a><\/span>\r\n\t\t\t<span class=\"review-meta\">\r\n\t\t\t\t<span class=\"author-name\"><a href=\"https:\/\/www.google.com\/maps\/contrib\/105606815534385569678\/reviews\" target=\"_blank\" rel=\"nofollow noopener\">Victor IBA\u00d1EZ GARRO<\/a><\/span>\r\n\t\t\t\t<span class=\"rating\">\u2605\u2605\u2605\u2605\u2605<\/span>\r\n\t\t\t\t<span class=\"relative-time-description\">Hace un a\u00f1o<\/span>\r\n\t\t\t<\/span>\r\n\t\t\t<div class=\"text text-excerpt\"><span class=\"review-snippet\">El servicio estupendo, han sido muy amables y simp\u00e1ticos al atendernos. El pastel buen\u00edsimo, bien de decorado y el catering como pod\u00e9is ver en las fotos bien elaborado, con buena presentaci\u00f3n. Todo estaba<\/span> <span class=\"review-more-placeholder\">\u2026 More<\/span><span class=\"review-full-text\"> buen\u00edsimo. Los invitados quedaron todos encantados. Muchas gracias a todos los de la Botigueta por el bien trabajo realizado. Gracias de verdad. Lo recomiendo.<\/span><\/div>\r\n\t\t<\/li>\r\n\t\t<li class=\"rating-5 hidden\" data-index=\"2\">\r\n\t\t\t<span class=\"author-avatar\"><a href=\"https:\/\/www.google.com\/maps\/contrib\/110741159648037818528\/reviews\" target=\"_blank\" rel=\"nofollow noopener\"><img decoding=\"async\" src=\"https:\/\/lh3.googleusercontent.com\/a\/ACg8ocLuw9WLdyFpxlzmVpr3guMJdZf3I4Td0n-lsdU2oyzS-P3VYw=s128-c0x00000000-cc-rp-mo\" alt=\"Avatar\"><\/a><\/span>\r\n\t\t\t<span class=\"review-meta\">\r\n\t\t\t\t<span class=\"author-name\"><a href=\"https:\/\/www.google.com\/maps\/contrib\/110741159648037818528\/reviews\" target=\"_blank\" rel=\"nofollow noopener\">Beatriz Morales<\/a><\/span>\r\n\t\t\t\t<span class=\"rating\">\u2605\u2605\u2605\u2605\u2605<\/span>\r\n\t\t\t\t<span class=\"relative-time-description\">Hace 7 meses<\/span>\r\n\t\t\t<\/span>\r\n\t\t\t<div class=\"text text-excerpt\"><span class=\"review-snippet\">Pedimos un catering para un cumplea\u00f1os y la verdad que todos quedamos encantados, Estamos seguros que repetimos muy pronto.Muchas gracias por la atenci\u00f3n y sobre todo por el servicio de catering. Un saludo<\/span> <span class=\"review-more-placeholder\">\u2026 More<\/span><span class=\"review-full-text\"><\/span><\/div>\r\n\t\t<\/li>\r\n\t\t<li class=\"rating-4 hidden\" data-index=\"3\">\r\n\t\t\t<span class=\"author-avatar\"><a href=\"https:\/\/www.google.com\/maps\/contrib\/101312472092325391294\/reviews\" target=\"_blank\" rel=\"nofollow noopener\"><img decoding=\"async\" src=\"https:\/\/lh3.googleusercontent.com\/a\/ACg8ocKGTddXHmsVebS0mVliREtuvTxv3hkcMCuf6T2HO1qlPjM6KQ=s128-c0x00000000-cc-rp-mo-ba3\" alt=\"Avatar\"><\/a><\/span>\r\n\t\t\t<span class=\"review-meta\">\r\n\t\t\t\t<span class=\"author-name\"><a href=\"https:\/\/www.google.com\/maps\/contrib\/101312472092325391294\/reviews\" target=\"_blank\" rel=\"nofollow noopener\">Pilar GR<\/a><\/span>\r\n\t\t\t\t<span class=\"rating\">\u2605\u2605\u2605\u2605<span class=\"not\">\u2606<\/span><\/span>\r\n\t\t\t\t<span class=\"relative-time-description\">hace 3 meses<\/span>\r\n\t\t\t<\/span>\r\n\t\t\t<div class=\"text\">Fui a probar los croissant de mantequilla y estaban ricos<\/div>\r\n\t\t<\/li>\r\n\t\t<li class=\"rating-3 hidden\" data-index=\"4\">\r\n\t\t\t<span class=\"author-avatar\"><a href=\"https:\/\/www.google.com\/maps\/contrib\/110696946875026001935\/reviews\" target=\"_blank\" rel=\"nofollow noopener\"><img decoding=\"async\" src=\"https:\/\/lh3.googleusercontent.com\/a-\/ALV-UjW4m0kJSLc75mwbb4UhoU_Kjjv2F_WPm5pkwuQ8pD8P2FPNIMM=s128-c0x00000000-cc-rp-mo-ba2\" alt=\"Avatar\"><\/a><\/span>\r\n\t\t\t<span class=\"review-meta\">\r\n\t\t\t\t<span class=\"author-name\"><a href=\"https:\/\/www.google.com\/maps\/contrib\/110696946875026001935\/reviews\" target=\"_blank\" rel=\"nofollow noopener\">javier carrillo<\/a><\/span>\r\n\t\t\t\t<span class=\"rating\">\u2605\u2605\u2605<span class=\"not\">\u2606\u2606<\/span><\/span>\r\n\t\t\t\t<span class=\"relative-time-description\">hace 11 meses<\/span>\r\n\t\t\t<\/span>\r\n\t\t\t<div class=\"text\">Cada a\u00f1o compro pasteles ah\u00ed, buen servicio personal amable, lamentablemente el pastel que lleve este a\u00f1o no gust\u00f3 mucho como los anteriores<\/div>\r\n\t\t<\/li>\r\n\t\t<li class=\"rating-5 hidden\" data-index=\"5\">\r\n\t\t\t<span class=\"author-avatar\"><a href=\"https:\/\/www.google.com\/maps\/contrib\/114092872460329816321\/reviews\" target=\"_blank\" rel=\"nofollow noopener\"><img decoding=\"async\" src=\"https:\/\/lh3.googleusercontent.com\/a-\/ALV-UjUJ4siBSUAZoHOfKTjaNHb5c9UNG7He08s1apuyEC0S5CsSMy2qew=s128-c0x00000000-cc-rp-mo-ba4\" alt=\"Avatar\"><\/a><\/span>\r\n\t\t\t<span class=\"review-meta\">\r\n\t\t\t\t<span class=\"author-name\"><a href=\"https:\/\/www.google.com\/maps\/contrib\/114092872460329816321\/reviews\" target=\"_blank\" rel=\"nofollow noopener\">Izhar Garrido<\/a><\/span>\r\n\t\t\t\t<span class=\"rating\">\u2605\u2605\u2605\u2605\u2605<\/span>\r\n\t\t\t\t<span class=\"relative-time-description\">hace 10 meses<\/span>\r\n\t\t\t<\/span>\r\n\t\t\t<div class=\"text\">Todo est\u00e1 muy bueno, 100% recomendable. Volveremos.<\/div>\r\n\t\t<\/li>\r\n\t\t<li class=\"rating-5 hidden\" data-index=\"6\">\r\n\t\t\t<span class=\"author-avatar\"><a href=\"https:\/\/www.google.com\/maps\/contrib\/100288084109719718115\/reviews\" target=\"_blank\" rel=\"nofollow noopener\"><img decoding=\"async\" src=\"https:\/\/lh3.googleusercontent.com\/a\/ACg8ocLacsVW0Ici-nyeAMEYVmvO_gQ1tvD_MMbv4VZPsIFz1doLKw=s128-c0x00000000-cc-rp-mo-ba3\" alt=\"Avatar\"><\/a><\/span>\r\n\t\t\t<span class=\"review-meta\">\r\n\t\t\t\t<span class=\"author-name\"><a href=\"https:\/\/www.google.com\/maps\/contrib\/100288084109719718115\/reviews\" target=\"_blank\" rel=\"nofollow noopener\">Eva Oliver<\/a><\/span>\r\n\t\t\t\t<span class=\"rating\">\u2605\u2605\u2605\u2605\u2605<\/span>\r\n\t\t\t\t<span class=\"relative-time-description\">hace un a\u00f1o<\/span>\r\n\t\t\t<\/span>\r\n\t\t\t<div class=\"text\">Muy buena calidad, hay variedad de cruasans de diferentes chocolates que est\u00e1n buen\u00edsimos!<\/div>\r\n\t\t<\/li>\r\n\t\t<li class=\"rating-5 hidden\" data-index=\"7\">\r\n\t\t\t<span class=\"author-avatar\"><a href=\"https:\/\/www.google.com\/maps\/contrib\/106940975126652164926\/reviews\" target=\"_blank\" rel=\"nofollow noopener\"><img decoding=\"async\" src=\"https:\/\/lh3.googleusercontent.com\/a\/ACg8ocK0mp6wb8xOKcQnQSHcg1D-kcEmiMLpmKWwDHYEo1IC7ciTVA=s128-c0x00000000-cc-rp-mo\" alt=\"Avatar\"><\/a><\/span>\r\n\t\t\t<span class=\"review-meta\">\r\n\t\t\t\t<span class=\"author-name\"><a href=\"https:\/\/www.google.com\/maps\/contrib\/106940975126652164926\/reviews\" target=\"_blank\" rel=\"nofollow noopener\">Carmen Alaejos<\/a><\/span>\r\n\t\t\t\t<span class=\"rating\">\u2605\u2605\u2605\u2605\u2605<\/span>\r\n\t\t\t\t<span class=\"relative-time-description\">hace 10 meses<\/span>\r\n\t\t\t<\/span>\r\n\t\t\t<div class=\"text\">La coca de Sant Joan increible.<br>\n\t\t\t\tEra de hojaldre y crema.<\/div>\r\n\t\t<\/li>\r\n\t<\/ul>\r\n\t<ul class=\"navigation\">\t\t<li class=\"bullet current\"><a href=\"#google-business-reviews-rating\" data-slide=\"1\">\u25cf<\/a><\/li>\t\t<li class=\"bullet\"><a href=\"#google-business-reviews-rating\" data-slide=\"2\">\u25cf<\/a><\/li>\t\t<li class=\"bullet\"><a href=\"#google-business-reviews-rating\" data-slide=\"3\">\u25cf<\/a><\/li>\t\t<li class=\"bullet\"><a href=\"#google-business-reviews-rating\" data-slide=\"4\">\u25cf<\/a><\/li>\t<\/ul>\t<p class=\"attribution\"><span class=\"powered-by-google\" title=\"Powered by Google\"><\/span><\/p>\r\n<\/div>\r\n\n<\/div>\n<\/div>\n\n\n\n<div class=\"wp-block-columns is-layout-flex wp-container-core-columns-is-layout-da476ddf wp-block-columns-is-layout-flex\" style=\"padding-right:var(--wp--preset--spacing--60);padding-left:var(--wp--preset--spacing--60)\">\n<div class=\"wp-block-column is-layout-flow wp-block-column-is-layout-flow\" style=\"flex-basis:100%\"><div class=\"ver-mas-rese\u00f1as\">\n  <button id=\"btn-ver-mas\">Ver m\u00e1s rese\u00f1as<\/button>\n<\/div>\n<\/div>\n<\/div>\n<\/div><\/div>\n","protected":false},"excerpt":{"rendered":"","protected":false},"author":1,"featured_media":0,"parent":0,"menu_order":0,"comment_status":"closed","ping_status":"closed","template":"","meta":{"_kad_post_transparent":"","_kad_post_title":"","_kad_post_layout":"","_kad_post_sidebar_id":"","_kad_post_content_style":"","_kad_post_vertical_padding":"","_kad_post_feature":"","_kad_post_feature_position":"","_kad_post_header":false,"_kad_post_footer":false,"_kad_post_classname":"","footnotes":""},"class_list":["post-115","page","type-page","status-publish","hentry"],"jetpack_sharing_enabled":true,"_links":{"self":[{"href":"https:\/\/labotiguetadelpa.com\/es\/wp-json\/wp\/v2\/pages\/115","targetHints":{"allow":["GET"]}}],"collection":[{"href":"https:\/\/labotiguetadelpa.com\/es\/wp-json\/wp\/v2\/pages"}],"about":[{"href":"https:\/\/labotiguetadelpa.com\/es\/wp-json\/wp\/v2\/types\/page"}],"author":[{"embeddable":true,"href":"https:\/\/labotiguetadelpa.com\/es\/wp-json\/wp\/v2\/users\/1"}],"replies":[{"embeddable":true,"href":"https:\/\/labotiguetadelpa.com\/es\/wp-json\/wp\/v2\/comments?post=115"}],"version-history":[{"count":9,"href":"https:\/\/labotiguetadelpa.com\/es\/wp-json\/wp\/v2\/pages\/115\/revisions"}],"predecessor-version":[{"id":722,"href":"https:\/\/labotiguetadelpa.com\/es\/wp-json\/wp\/v2\/pages\/115\/revisions\/722"}],"wp:attachment":[{"href":"https:\/\/labotiguetadelpa.com\/es\/wp-json\/wp\/v2\/media?parent=115"}],"curies":[{"name":"wp","href":"https:\/\/api.w.org\/{rel}","templated":true}]}}