{"id":645,"date":"2025-08-21T11:28:21","date_gmt":"2025-08-21T11:28:21","guid":{"rendered":"https:\/\/labotiguetadelpa.com\/?page_id=645"},"modified":"2025-08-21T11:33:21","modified_gmt":"2025-08-21T11:33:21","slug":"aviso-legal","status":"publish","type":"page","link":"https:\/\/labotiguetadelpa.com\/es\/aviso-legal\/","title":{"rendered":"Aviso Legal"},"content":{"rendered":"\n<hr class=\"wp-block-separator has-alpha-channel-opacity\"\/>\n\n\n\n<h1 class=\"wp-block-heading\">\ud83d\udcc4 1. Aviso Legal<\/h1>\n\n\n\n<p><strong>1. Datos identificativos<\/strong><br>En cumplimiento con el deber de informaci\u00f3n recogido en el art\u00edculo 10 de la Ley 34\/2002, de 11 de julio, de Servicios de la Sociedad de la Informaci\u00f3n y del Comercio Electr\u00f3nico (en adelante, LSSI-CE), se hace constar que la presente p\u00e1gina web es titularidad de:<\/p>\n\n\n\n<ul class=\"wp-block-list\">\n<li><strong>Raz\u00f3n social:<\/strong> La Botigueta del Pa S.L.<\/li>\n\n\n\n<li><strong>CIF:<\/strong> B75846360<\/li>\n\n\n\n<li><strong>Domicilio social:<\/strong> C\/ Doctor Mara\u00f1\u00f3n, 12, 08380 Malgrat de Mar (Barcelona), Espa\u00f1a.<\/li>\n\n\n\n<li><strong>Tel\u00e9fonos de contacto:<\/strong> +34 937 611 274 \/ +34 672 199 081<\/li>\n\n\n\n<li class=\"has-link-color wp-elements-3538d2f9ca15c4b85966e3f107c08fb1\"><strong>Correo electr\u00f3nico:<\/strong> <a href=\"mailto:labotiguetadelpa@gmail.com\">labotiguetadelpa@gmail.com<\/a><\/li>\n\n\n\n<li><strong>Nombre del dominio:<\/strong> www.labotiguetadelpa.com<\/li>\n<\/ul>\n\n\n\n<p><strong>Responsable t\u00e9cnico y de marketing digital de la web:<\/strong><\/p>\n\n\n\n<ul class=\"wp-block-list\">\n<li><strong>Nombre:<\/strong> Manolo Carrazo<\/li>\n\n\n\n<li><strong>DNI:<\/strong> 45855612Y<\/li>\n\n\n\n<li class=\"has-link-color wp-elements-33e960732512a0879db752925c0ca367\"><strong>Correo electr\u00f3nico:<\/strong> <a href=\"mailto:publi.carrazo@gmail.com\">publi.carrazo@gmail.com<\/a><\/li>\n\n\n\n<li><strong>Tel\u00e9fono:<\/strong> +34 614 33 93 77<\/li>\n<\/ul>\n\n\n\n<p><strong>2. Objeto del Aviso Legal<\/strong><br>El presente Aviso Legal regula el acceso, navegaci\u00f3n y uso del sitio web de La Botigueta del Pa S.L., sin perjuicio de que el titular se reserve el derecho a modificar la presentaci\u00f3n, configuraci\u00f3n y contenido del mismo, as\u00ed como las condiciones de acceso y\/o uso.<\/p>\n\n\n\n<p><strong>3. Condiciones de uso<\/strong><br>El acceso a este sitio web es gratuito, salvo en lo relativo al coste de conexi\u00f3n a trav\u00e9s de la red de telecomunicaciones suministrada por el proveedor de acceso contratado por los usuarios.<br>El usuario se compromete a utilizar el portal de conformidad con la ley, la moral, las buenas costumbres generalmente aceptadas y el orden p\u00fablico.<\/p>\n\n\n\n<p>Queda prohibido:<\/p>\n\n\n\n<ul class=\"wp-block-list\">\n<li>Utilizar los contenidos con fines o efectos il\u00edcitos, prohibidos o contrarios al presente Aviso Legal.<\/li>\n\n\n\n<li>Introducir o difundir en la red virus inform\u00e1ticos o cualesquiera otros sistemas f\u00edsicos o l\u00f3gicos que sean susceptibles de provocar da\u00f1os en los sistemas inform\u00e1ticos del titular o de terceros.<\/li>\n<\/ul>\n\n\n\n<p><strong>4. Propiedad intelectual e industrial<\/strong><br>Todos los contenidos del sitio web (textos, fotograf\u00edas, gr\u00e1ficos, im\u00e1genes, iconos, tecnolog\u00eda, software, dise\u00f1o gr\u00e1fico, c\u00f3digo fuente, etc.) son propiedad exclusiva de La Botigueta del Pa S.L. o de terceros que han autorizado su uso, sin que puedan entenderse cedidos al usuario ninguno de los derechos de explotaci\u00f3n reconocidos por la normativa vigente.<\/p>\n\n\n\n<p>El usuario se compromete a respetar los derechos de Propiedad Intelectual e Industrial titularidad de La Botigueta del Pa S.L. La utilizaci\u00f3n no autorizada de la informaci\u00f3n contenida en este sitio web, as\u00ed como la lesi\u00f3n de los derechos de Propiedad Intelectual o Industrial dar\u00e1 lugar a las responsabilidades legalmente establecidas.<\/p>\n\n\n\n<p><strong>5. Exclusi\u00f3n de responsabilidad<\/strong><br>La Botigueta del Pa S.L. no se responsabiliza de los da\u00f1os y perjuicios de cualquier naturaleza que puedan deberse a:<\/p>\n\n\n\n<ul class=\"wp-block-list\">\n<li>La falta de disponibilidad y continuidad t\u00e9cnica del sitio web.<\/li>\n\n\n\n<li>La existencia de virus u otros elementos da\u00f1inos en los contenidos.<\/li>\n\n\n\n<li>La inexactitud, falta de actualidad o errores de la informaci\u00f3n proporcionada.<\/li>\n<\/ul>\n\n\n\n<p><strong>6. Enlaces externos<\/strong><br>El sitio web puede contener enlaces hacia sitios web de terceros, cuya titularidad y control corresponden a dichos terceros. La Botigueta del Pa S.L. no asume ninguna responsabilidad por el contenido, informaci\u00f3n o servicios que pudieran aparecer en dichos sitios.<\/p>\n\n\n\n<p><strong>7. Legislaci\u00f3n y jurisdicci\u00f3n aplicable<\/strong><br>La relaci\u00f3n entre La Botigueta del Pa S.L. y el usuario se regir\u00e1 por la normativa espa\u00f1ola vigente. Para la resoluci\u00f3n de todas las controversias o cuestiones relacionadas con el presente sitio web ser\u00e1n competentes los Juzgados y Tribunales de la ciudad de Barcelona, con renuncia expresa a cualquier otro fuero.<\/p>\n\n\n\n<hr class=\"wp-block-separator has-alpha-channel-opacity\"\/>\n","protected":false},"excerpt":{"rendered":"<p>\ud83d\udcc4 1. Aviso Legal 1. Datos identificativosEn cumplimiento con el deber de informaci\u00f3n recogido en el art\u00edculo 10 de la Ley 34\/2002, de 11 de julio, de Servicios de la&#8230;<\/p>\n","protected":false},"author":1,"featured_media":0,"parent":0,"menu_order":0,"comment_status":"closed","ping_status":"closed","template":"","meta":{"_kad_post_transparent":"","_kad_post_title":"","_kad_post_layout":"","_kad_post_sidebar_id":"","_kad_post_content_style":"","_kad_post_vertical_padding":"","_kad_post_feature":"","_kad_post_feature_position":"","_kad_post_header":false,"_kad_post_footer":false,"_kad_post_classname":"","footnotes":""},"class_list":["post-645","page","type-page","status-publish","hentry"],"jetpack_sharing_enabled":true,"_links":{"self":[{"href":"https:\/\/labotiguetadelpa.com\/es\/wp-json\/wp\/v2\/pages\/645","targetHints":{"allow":["GET"]}}],"collection":[{"href":"https:\/\/labotiguetadelpa.com\/es\/wp-json\/wp\/v2\/pages"}],"about":[{"href":"https:\/\/labotiguetadelpa.com\/es\/wp-json\/wp\/v2\/types\/page"}],"author":[{"embeddable":true,"href":"https:\/\/labotiguetadelpa.com\/es\/wp-json\/wp\/v2\/users\/1"}],"replies":[{"embeddable":true,"href":"https:\/\/labotiguetadelpa.com\/es\/wp-json\/wp\/v2\/comments?post=645"}],"version-history":[{"count":1,"href":"https:\/\/labotiguetadelpa.com\/es\/wp-json\/wp\/v2\/pages\/645\/revisions"}],"predecessor-version":[{"id":646,"href":"https:\/\/labotiguetadelpa.com\/es\/wp-json\/wp\/v2\/pages\/645\/revisions\/646"}],"wp:attachment":[{"href":"https:\/\/labotiguetadelpa.com\/es\/wp-json\/wp\/v2\/media?parent=645"}],"curies":[{"name":"wp","href":"https:\/\/api.w.org\/{rel}","templated":true}]}}