{"id":650,"date":"2025-08-21T11:36:19","date_gmt":"2025-08-21T11:36:19","guid":{"rendered":"https:\/\/labotiguetadelpa.com\/?page_id=650"},"modified":"2025-08-21T11:36:20","modified_gmt":"2025-08-21T11:36:20","slug":"politica-de-cookies","status":"publish","type":"page","link":"https:\/\/labotiguetadelpa.com\/es\/politica-de-cookies\/","title":{"rendered":"Pol\u00edtica de Cookies"},"content":{"rendered":"\n<hr class=\"wp-block-separator has-alpha-channel-opacity\"\/>\n\n\n\n<h1 class=\"wp-block-heading\">\ud83d\udcc4 3. Pol\u00edtica de Cookies<\/h1>\n\n\n\n<p><strong>1. Definici\u00f3n y funci\u00f3n de las cookies<\/strong><br>En cumplimiento con lo dispuesto en el art\u00edculo 22.2 de la Ley 34\/2002, de 11 de julio, de Servicios de la Sociedad de la Informaci\u00f3n y de Comercio Electr\u00f3nico (LSSI-CE), se informa a los usuarios de que este sitio web utiliza dispositivos de almacenamiento y recuperaci\u00f3n de datos denominados <em>cookies<\/em>.<\/p>\n\n\n\n<p>Una <em>cookie<\/em> es un fichero que se descarga en el ordenador, smartphone o tableta del usuario al acceder a determinadas p\u00e1ginas web y que permite, entre otras cosas, almacenar y recuperar informaci\u00f3n sobre los h\u00e1bitos de navegaci\u00f3n de un usuario o de su equipo.<\/p>\n\n\n\n<p><strong>2. Tipos de cookies utilizadas en este sitio web<\/strong><br>Este sitio web utiliza las siguientes cookies:<\/p>\n\n\n\n<ul class=\"wp-block-list\">\n<li><strong>Cookies t\u00e9cnicas o necesarias:<\/strong><br>Permiten al usuario la navegaci\u00f3n a trav\u00e9s del sitio web y la utilizaci\u00f3n de las diferentes opciones o servicios, como identificar la sesi\u00f3n, acceder a partes de acceso restringido o recordar los elementos que integran un pedido.<br>\ud83d\udc49 Ejemplo: cookies propias de WordPress y del plugin de gesti\u00f3n de cookies.<\/li>\n\n\n\n<li><strong>Cookies de personalizaci\u00f3n:<\/strong><br>Permiten al usuario acceder al servicio con algunas caracter\u00edsticas de car\u00e1cter general predefinidas en funci\u00f3n de criterios en el terminal del usuario (ejemplo: idioma o tipo de navegador).<\/li>\n\n\n\n<li><strong>Cookies de an\u00e1lisis:<\/strong><br>Permiten el seguimiento y an\u00e1lisis del comportamiento de los usuarios en el sitio web, con la finalidad de introducir mejoras.<br>\ud83d\udc49 Ejemplo: Google Analytics.<\/li>\n\n\n\n<li><strong>Cookies de redes sociales externas:<\/strong><br>Se utilizan para que el usuario pueda interactuar con el contenido de diferentes plataformas sociales (Facebook, Instagram, WhatsApp) y que se generen \u00fanicamente para los usuarios de dichas redes sociales.<\/li>\n<\/ul>\n\n\n\n<p><strong>3. Identificaci\u00f3n de las cookies utilizadas<\/strong><br>De acuerdo con los criterios de la Agencia Espa\u00f1ola de Protecci\u00f3n de Datos (AEPD), se indican las cookies concretas que pueden instalarse en este sitio:<\/p>\n\n\n\n<ul class=\"wp-block-list\">\n<li><strong>_ga, _gid, _gat (Google Analytics):<\/strong> cookies de an\u00e1lisis que recopilan informaci\u00f3n an\u00f3nima sobre la navegaci\u00f3n de los usuarios.<\/li>\n\n\n\n<li><strong>cookielawinfo-checkbox (WordPress Cookie Plugin):<\/strong> recuerda la aceptaci\u00f3n de la pol\u00edtica de cookies.<\/li>\n\n\n\n<li><strong>wp-settings, wp-settings-time (WordPress):<\/strong> cookies t\u00e9cnicas para el correcto funcionamiento de la web.<\/li>\n\n\n\n<li><strong>fr, sb, datr (Facebook):<\/strong> cookies de redes sociales y publicidad.<\/li>\n<\/ul>\n\n\n\n<p><em>(La vigencia de cada cookie depender\u00e1 de la configuraci\u00f3n del proveedor, pudiendo oscilar entre la sesi\u00f3n de navegaci\u00f3n y varios a\u00f1os).<\/em><\/p>\n\n\n\n<p><strong>4. Base jur\u00eddica para el uso de cookies<\/strong><br>La base jur\u00eddica que legitima el tratamiento de datos personales a trav\u00e9s de cookies es el consentimiento informado del usuario, solicitado en el momento de acceder al sitio web mediante el banner o aviso inicial.<\/p>\n\n\n\n<p><strong>5. Desactivaci\u00f3n, rechazo y eliminaci\u00f3n de cookies<\/strong><br>El usuario puede en cualquier momento desactivar o eliminar las cookies instaladas en su equipo mediante la configuraci\u00f3n de las opciones del navegador:<\/p>\n\n\n\n<ul class=\"wp-block-list\">\n<li><strong>Google Chrome:<\/strong> Configuraci\u00f3n \u2192 Privacidad y seguridad \u2192 Cookies y otros datos de sitios.<\/li>\n\n\n\n<li><strong>Mozilla Firefox:<\/strong> Opciones \u2192 Privacidad y seguridad \u2192 Cookies y datos del sitio.<\/li>\n\n\n\n<li><strong>Safari:<\/strong> Preferencias \u2192 Privacidad.<\/li>\n\n\n\n<li><strong>Microsoft Edge:<\/strong> Configuraci\u00f3n \u2192 Cookies y permisos del sitio.<\/li>\n<\/ul>\n\n\n\n<p>El bloqueo o desactivaci\u00f3n de algunas cookies puede afectar al correcto funcionamiento de determinadas funcionalidades del sitio web.<\/p>\n\n\n\n<p><strong>6. Transferencias internacionales de datos<\/strong><br>Algunas de las cookies utilizadas pertenecen a proveedores ubicados en Estados Unidos (ejemplo: Google, Meta). Estas transferencias internacionales se realizan bajo cl\u00e1usulas contractuales tipo aprobadas por la Comisi\u00f3n Europea y garantizan un nivel adecuado de protecci\u00f3n de los datos personales.<\/p>\n\n\n\n<p><strong>7. Aceptaci\u00f3n y gesti\u00f3n de cookies<\/strong><br>En el banner inicial, el usuario puede aceptar todas las cookies, configurarlas o rechazarlas salvo las estrictamente necesarias. En cualquier momento, puede modificar su consentimiento desde la opci\u00f3n \u201cConfigurar cookies\u201d disponible en el pie de p\u00e1gina.<\/p>\n\n\n\n<p><strong>8. Actualizaci\u00f3n de la pol\u00edtica de cookies<\/strong><br>La Botigueta del Pa S.L. podr\u00e1 modificar la presente Pol\u00edtica de Cookies en funci\u00f3n de nuevas exigencias legislativas, reglamentarias, o con la finalidad de adaptar dicha pol\u00edtica a las instrucciones dictadas por la Agencia Espa\u00f1ola de Protecci\u00f3n de Datos.<\/p>\n\n\n\n<hr class=\"wp-block-separator has-alpha-channel-opacity\"\/>\n","protected":false},"excerpt":{"rendered":"<p>\ud83d\udcc4 3. Pol\u00edtica de Cookies 1. Definici\u00f3n y funci\u00f3n de las cookiesEn cumplimiento con lo dispuesto en el art\u00edculo 22.2 de la Ley 34\/2002, de 11 de julio, de Servicios&#8230;<\/p>\n","protected":false},"author":1,"featured_media":0,"parent":0,"menu_order":0,"comment_status":"closed","ping_status":"closed","template":"","meta":{"_kad_post_transparent":"","_kad_post_title":"","_kad_post_layout":"","_kad_post_sidebar_id":"","_kad_post_content_style":"","_kad_post_vertical_padding":"","_kad_post_feature":"","_kad_post_feature_position":"","_kad_post_header":false,"_kad_post_footer":false,"_kad_post_classname":"","footnotes":""},"class_list":["post-650","page","type-page","status-publish","hentry"],"jetpack_sharing_enabled":true,"_links":{"self":[{"href":"https:\/\/labotiguetadelpa.com\/es\/wp-json\/wp\/v2\/pages\/650","targetHints":{"allow":["GET"]}}],"collection":[{"href":"https:\/\/labotiguetadelpa.com\/es\/wp-json\/wp\/v2\/pages"}],"about":[{"href":"https:\/\/labotiguetadelpa.com\/es\/wp-json\/wp\/v2\/types\/page"}],"author":[{"embeddable":true,"href":"https:\/\/labotiguetadelpa.com\/es\/wp-json\/wp\/v2\/users\/1"}],"replies":[{"embeddable":true,"href":"https:\/\/labotiguetadelpa.com\/es\/wp-json\/wp\/v2\/comments?post=650"}],"version-history":[{"count":1,"href":"https:\/\/labotiguetadelpa.com\/es\/wp-json\/wp\/v2\/pages\/650\/revisions"}],"predecessor-version":[{"id":651,"href":"https:\/\/labotiguetadelpa.com\/es\/wp-json\/wp\/v2\/pages\/650\/revisions\/651"}],"wp:attachment":[{"href":"https:\/\/labotiguetadelpa.com\/es\/wp-json\/wp\/v2\/media?parent=650"}],"curies":[{"name":"wp","href":"https:\/\/api.w.org\/{rel}","templated":true}]}}