{"id":652,"date":"2025-08-21T11:39:56","date_gmt":"2025-08-21T11:39:56","guid":{"rendered":"https:\/\/labotiguetadelpa.com\/?page_id=652"},"modified":"2025-08-21T11:39:58","modified_gmt":"2025-08-21T11:39:58","slug":"condiciones-de-uso","status":"publish","type":"page","link":"https:\/\/labotiguetadelpa.com\/es\/condiciones-de-uso\/","title":{"rendered":"Condiciones de Uso"},"content":{"rendered":"\n<hr class=\"wp-block-separator has-alpha-channel-opacity\"\/>\n\n\n\n<h1 class=\"wp-block-heading\">\ud83d\udcc4 4. Condiciones de Uso<\/h1>\n\n\n\n<p><strong>1. Objeto y aceptaci\u00f3n<\/strong><br>Las presentes Condiciones de Uso regulan el acceso, navegaci\u00f3n y utilizaci\u00f3n del sitio web <strong>www.labotiguetadelpa.com<\/strong> (en adelante, \u201cel Sitio Web\u201d), titularidad de <strong>La Botigueta del Pa S.L.<\/strong>.<br>El acceso y\/o uso del Sitio Web atribuye la condici\u00f3n de usuario e implica la aceptaci\u00f3n plena y sin reservas de todas las disposiciones incluidas en las presentes Condiciones de Uso.<\/p>\n\n\n\n<p><strong>2. Identificaci\u00f3n del titular del sitio web<\/strong><br>En cumplimiento con la Ley 34\/2002 de Servicios de la Sociedad de la Informaci\u00f3n y de Comercio Electr\u00f3nico (LSSI-CE), se informa que el titular de este sitio es:<\/p>\n\n\n\n<ul class=\"wp-block-list\">\n<li><strong>Raz\u00f3n social:<\/strong> La Botigueta del Pa S.L.<\/li>\n\n\n\n<li><strong>CIF:<\/strong> B75846360<\/li>\n\n\n\n<li><strong>Domicilio social:<\/strong> C\/ Doctor Mara\u00f1\u00f3n, 12, 08380 Malgrat de Mar (Barcelona)<\/li>\n\n\n\n<li><strong>Tel\u00e9fono:<\/strong> +34 937 611 274<\/li>\n\n\n\n<li class=\"has-link-color wp-elements-3538d2f9ca15c4b85966e3f107c08fb1\"><strong>Correo electr\u00f3nico:<\/strong> <a href=\"mailto:labotiguetadelpa@gmail.com\">labotiguetadelpa@gmail.com<\/a><\/li>\n<\/ul>\n\n\n\n<p><strong>3. Condiciones de acceso y uso<\/strong><br>El usuario se compromete a utilizar el Sitio Web, sus servicios y contenidos sin contravenir la legislaci\u00f3n vigente, la buena fe, los usos generalmente aceptados y el orden p\u00fablico.<br>Queda prohibido:<\/p>\n\n\n\n<ul class=\"wp-block-list\">\n<li>Utilizar el sitio web con fines il\u00edcitos o lesivos.<\/li>\n\n\n\n<li>Introducir virus inform\u00e1ticos, malware, software esp\u00eda o cualquier programa que pueda da\u00f1ar, inutilizar o alterar el funcionamiento de la web o de terceros.<\/li>\n\n\n\n<li>Acceder sin autorizaci\u00f3n a secciones restringidas del Sitio Web.<\/li>\n\n\n\n<li>Utilizar la web para remitir publicidad no solicitada (<em>spam<\/em>).<\/li>\n<\/ul>\n\n\n\n<p><strong>4. Responsabilidad del usuario<\/strong><br>El usuario ser\u00e1 responsable del uso indebido del Sitio Web y responder\u00e1 de los da\u00f1os y perjuicios que pudiera ocasionar a La Botigueta del Pa S.L. o a terceros.<\/p>\n\n\n\n<p><strong>5. Limitaci\u00f3n de responsabilidad del titular<\/strong><br>La Botigueta del Pa S.L. no se hace responsable de:<\/p>\n\n\n\n<ul class=\"wp-block-list\">\n<li>Los fallos en el acceso al Sitio Web debidos a causas fortuitas, de fuerza mayor o por mantenimiento t\u00e9cnico.<\/li>\n\n\n\n<li>Los contenidos a los que pueda acceder el usuario a trav\u00e9s de enlaces externos incluidos en la web.<\/li>\n\n\n\n<li>Los da\u00f1os o perjuicios que pudieran derivarse del uso indebido del Sitio Web por parte de los usuarios.<\/li>\n<\/ul>\n\n\n\n<p><strong>6. Propiedad intelectual e industrial<\/strong><br>Todos los contenidos del Sitio Web (textos, fotograf\u00edas, im\u00e1genes, logotipos, marcas, c\u00f3digo fuente, dise\u00f1o gr\u00e1fico, etc.) son titularidad de La Botigueta del Pa S.L. o de terceros que han autorizado su uso.<br>Queda prohibida la reproducci\u00f3n, distribuci\u00f3n, comunicaci\u00f3n p\u00fablica, transformaci\u00f3n o cualquier otra forma de explotaci\u00f3n sin autorizaci\u00f3n expresa y por escrito del titular.<\/p>\n\n\n\n<p><strong>7. Enlaces externos<\/strong><br>Este Sitio Web puede contener enlaces hacia otros sitios web gestionados por terceros, sobre los que La Botigueta del Pa S.L. no ejerce control alguno. Por tanto, no se responsabiliza del contenido, la informaci\u00f3n o los servicios que puedan aparecer en dichos sitios externos.<\/p>\n\n\n\n<p><strong>8. Pol\u00edtica de comentarios y participaci\u00f3n<\/strong><br>En caso de que el Sitio Web permita la participaci\u00f3n de usuarios (comentarios en blog, formularios u otros), queda prohibido publicar contenidos il\u00edcitos, ofensivos, difamatorios, injuriosos, violentos o que vulneren derechos de terceros.<br>La Botigueta del Pa S.L. se reserva el derecho de retirar aquellos comentarios que considere inapropiados.<\/p>\n\n\n\n<p><strong>9. Protecci\u00f3n de datos personales<\/strong><br>El tratamiento de los datos personales de los usuarios se regir\u00e1 por lo establecido en la <strong>Pol\u00edtica de Privacidad<\/strong>, la cual forma parte integrante de las presentes Condiciones de Uso.<\/p>\n\n\n\n<p><strong>10. Pol\u00edtica de cookies<\/strong><br>La utilizaci\u00f3n de cookies por parte del Sitio Web se regula por lo dispuesto en la <strong>Pol\u00edtica de Cookies<\/strong>, igualmente vinculante para el usuario.<\/p>\n\n\n\n<p><strong>11. Legislaci\u00f3n aplicable y jurisdicci\u00f3n<\/strong><br>Las presentes Condiciones se rigen por la legislaci\u00f3n espa\u00f1ola. Para la resoluci\u00f3n de cualquier conflicto derivado del acceso o uso del Sitio Web, las partes se someten expresamente a los Juzgados y Tribunales de Barcelona, salvo disposici\u00f3n legal en contrario.<\/p>\n\n\n\n<hr class=\"wp-block-separator has-alpha-channel-opacity\"\/>\n","protected":false},"excerpt":{"rendered":"<p>\ud83d\udcc4 4. Condiciones de Uso 1. Objeto y aceptaci\u00f3nLas presentes Condiciones de Uso regulan el acceso, navegaci\u00f3n y utilizaci\u00f3n del sitio web www.labotiguetadelpa.com (en adelante, \u201cel Sitio Web\u201d), titularidad de&#8230;<\/p>\n","protected":false},"author":1,"featured_media":0,"parent":0,"menu_order":0,"comment_status":"closed","ping_status":"closed","template":"","meta":{"_kad_post_transparent":"","_kad_post_title":"","_kad_post_layout":"","_kad_post_sidebar_id":"","_kad_post_content_style":"","_kad_post_vertical_padding":"","_kad_post_feature":"","_kad_post_feature_position":"","_kad_post_header":false,"_kad_post_footer":false,"_kad_post_classname":"","footnotes":""},"class_list":["post-652","page","type-page","status-publish","hentry"],"jetpack_sharing_enabled":true,"_links":{"self":[{"href":"https:\/\/labotiguetadelpa.com\/es\/wp-json\/wp\/v2\/pages\/652","targetHints":{"allow":["GET"]}}],"collection":[{"href":"https:\/\/labotiguetadelpa.com\/es\/wp-json\/wp\/v2\/pages"}],"about":[{"href":"https:\/\/labotiguetadelpa.com\/es\/wp-json\/wp\/v2\/types\/page"}],"author":[{"embeddable":true,"href":"https:\/\/labotiguetadelpa.com\/es\/wp-json\/wp\/v2\/users\/1"}],"replies":[{"embeddable":true,"href":"https:\/\/labotiguetadelpa.com\/es\/wp-json\/wp\/v2\/comments?post=652"}],"version-history":[{"count":1,"href":"https:\/\/labotiguetadelpa.com\/es\/wp-json\/wp\/v2\/pages\/652\/revisions"}],"predecessor-version":[{"id":653,"href":"https:\/\/labotiguetadelpa.com\/es\/wp-json\/wp\/v2\/pages\/652\/revisions\/653"}],"wp:attachment":[{"href":"https:\/\/labotiguetadelpa.com\/es\/wp-json\/wp\/v2\/media?parent=652"}],"curies":[{"name":"wp","href":"https:\/\/api.w.org\/{rel}","templated":true}]}}